{"id":11,"date":"2012-02-17T20:21:15","date_gmt":"2012-02-17T20:21:15","guid":{"rendered":"http:\/\/amfolkfest.cz\/web\/?page_id=6"},"modified":"2023-07-26T11:37:46","modified_gmt":"2023-07-26T11:37:46","slug":"festival","status":"publish","type":"page","link":"https:\/\/amfolkfest.cz\/?page_id=11","title":{"rendered":"Festival a je\u0161t\u011b v\u00edce&#8230;"},"content":{"rendered":"<address>&nbsp;<\/address>\n<p style=\"text-align: center;\"><span style=\"font-family: helvetica;\"><a href=\"https:\/\/amfolkfest.cz\/wp-content\/uploads\/2012\/02\/Amfolkfest-2.jpg\"><img loading=\"lazy\" decoding=\"async\" class=\" wp-image-707 aligncenter\" src=\"\/wp-content\/uploads\/2012\/02\/Amfolkfest-2-810x1024.jpg\" alt=\"Amfolk\" width=\"620\" height=\"783\" srcset=\"https:\/\/amfolkfest.cz\/wp-content\/uploads\/2012\/02\/Amfolkfest-2-810x1024.jpg 810w, https:\/\/amfolkfest.cz\/wp-content\/uploads\/2012\/02\/Amfolkfest-2-237x300.jpg 237w, https:\/\/amfolkfest.cz\/wp-content\/uploads\/2012\/02\/Amfolkfest-2-660x833.jpg 660w, https:\/\/amfolkfest.cz\/wp-content\/uploads\/2012\/02\/Amfolkfest-2-240x303.jpg 240w\" sizes=\"auto, (max-width: 620px) 100vw, 620px\" \/><\/a><\/span><\/p>\n<p style=\"text-align: center;\"><span style=\"font-family: helvetica;\"><a href=\"https:\/\/tskotar2.webnode.cz\/\" target=\"_blank\" rel=\"noopener\"><img loading=\"lazy\" decoding=\"async\" class=\"aligncenter wp-image-709 size-thumbnail\" src=\"https:\/\/amfolkfest.cz\/wp-content\/uploads\/2012\/02\/logo_kot\u00e1rDance_logo-150x150.jpg\" alt=\"logo_kot\u00e1rDance_logo\" width=\"150\" height=\"150\"\/><\/a><a href=\"http:\/\/dvld.cz\/index.html\"><img loading=\"lazy\" decoding=\"async\" class=\"aligncenter size-medium wp-image-3074\" src=\"\/\/amfolkfest.cz\/wp-content\/uploads\/2023\/07\/DLD-logo-300x84.png\" alt=\"\" width=\"300\" height=\"84\" srcset=\"https:\/\/amfolkfest.cz\/wp-content\/uploads\/2023\/07\/DLD-logo-300x84.png 300w, https:\/\/amfolkfest.cz\/wp-content\/uploads\/2023\/07\/DLD-logo-1024x287.png 1024w, https:\/\/amfolkfest.cz\/wp-content\/uploads\/2023\/07\/DLD-logo-768x215.png 768w, https:\/\/amfolkfest.cz\/wp-content\/uploads\/2023\/07\/DLD-logo-1536x430.png 1536w, https:\/\/amfolkfest.cz\/wp-content\/uploads\/2023\/07\/DLD-logo-2048x573.png 2048w, https:\/\/amfolkfest.cz\/wp-content\/uploads\/2023\/07\/DLD-logo-660x185.png 660w, https:\/\/amfolkfest.cz\/wp-content\/uploads\/2023\/07\/DLD-logo-240x67.png 240w\" sizes=\"auto, (max-width: 300px) 100vw, 300px\" \/><\/a><br \/>\n<\/span><\/p>\n<p><span style=\"font-family: helvetica;\">P\u0159i akc\u00edch spolupracujeme se Vzd\u011bl\u00e1vac\u00edm a komunitn\u00edm centrem Integra Vset\u00edn (VKCI) o. p. s., kapelou Gymple\u0159i a s \u010ceskou televiz\u00ed a \u010cesk\u00fdm rozhlasem.<\/span><\/p>\n<p>&nbsp;<\/p>\n<p><strong><a style=\"color: #000000; text-align: center;\" href=\"https:\/\/www.ceskatelevize.cz\/porady\/1183619616-kultura-cz\/407233100152017\/\">http:\/\/www.ceskatelevize.cz\/vysilani\/1183619616-kultura-cz\/407233100152017-24.08.2007-04:30.html<\/a><\/strong><\/p>\n<p style=\"text-align: center;\"><span style=\"font-size: 12px;\"><a href=\"https:\/\/www.ceskatelevize.cz\/porady\/1183619616-kultura-cz\/407233100152017\/\" target=\"_blank\" rel=\"noopener\"><img loading=\"lazy\" decoding=\"async\" class=\"aligncenter wp-image-3069\" src=\"\/\/amfolkfest.cz\/wp-content\/uploads\/2023\/07\/kultura22-300x172.png\" alt=\"\" width=\"600\" height=\"344\" srcset=\"https:\/\/amfolkfest.cz\/wp-content\/uploads\/2023\/07\/kultura22-300x172.png 300w, https:\/\/amfolkfest.cz\/wp-content\/uploads\/2023\/07\/kultura22-768x440.png 768w, https:\/\/amfolkfest.cz\/wp-content\/uploads\/2023\/07\/kultura22-660x378.png 660w, https:\/\/amfolkfest.cz\/wp-content\/uploads\/2023\/07\/kultura22-240x138.png 240w, https:\/\/amfolkfest.cz\/wp-content\/uploads\/2023\/07\/kultura22.png 930w\" sizes=\"auto, (max-width: 600px) 100vw, 600px\" \/><\/a><\/span><\/p>\n","protected":false},"excerpt":{"rendered":"<p>&nbsp; P\u0159i akc\u00edch spolupracujeme se Vzd\u011bl\u00e1vac\u00edm a komunitn\u00edm centrem Integra Vset\u00edn (VKCI) o. p. s., kapelou Gymple\u0159i a s \u010ceskou televiz\u00ed a \u010cesk\u00fdm rozhlasem. &nbsp; http:\/\/www.ceskatelevize.cz\/vysilani\/1183619616-kultura-cz\/407233100152017-24.08.2007-04:30.html<span class=\"more-link theme-more-link\"><a href=\"https:\/\/amfolkfest.cz\/?page_id=11\">Continue Reading<\/a><\/span><\/p>\n","protected":false},"author":1,"featured_media":0,"parent":0,"menu_order":2,"comment_status":"open","ping_status":"open","template":"","meta":{"ngg_post_thumbnail":0,"footnotes":"","_links_to":"","_links_to_target":""},"class_list":["entry","author-pery","post-11","page","type-page","status-publish"],"_links":{"self":[{"href":"https:\/\/amfolkfest.cz\/index.php?rest_route=\/wp\/v2\/pages\/11","targetHints":{"allow":["GET"]}}],"collection":[{"href":"https:\/\/amfolkfest.cz\/index.php?rest_route=\/wp\/v2\/pages"}],"about":[{"href":"https:\/\/amfolkfest.cz\/index.php?rest_route=\/wp\/v2\/types\/page"}],"author":[{"embeddable":true,"href":"https:\/\/amfolkfest.cz\/index.php?rest_route=\/wp\/v2\/users\/1"}],"replies":[{"embeddable":true,"href":"https:\/\/amfolkfest.cz\/index.php?rest_route=%2Fwp%2Fv2%2Fcomments&post=11"}],"version-history":[{"count":11,"href":"https:\/\/amfolkfest.cz\/index.php?rest_route=\/wp\/v2\/pages\/11\/revisions"}],"predecessor-version":[{"id":3076,"href":"https:\/\/amfolkfest.cz\/index.php?rest_route=\/wp\/v2\/pages\/11\/revisions\/3076"}],"wp:attachment":[{"href":"https:\/\/amfolkfest.cz\/index.php?rest_route=%2Fwp%2Fv2%2Fmedia&parent=11"}],"curies":[{"name":"wp","href":"https:\/\/api.w.org\/{rel}","templated":true}]}}