{"id":1205,"date":"2015-06-19T17:11:23","date_gmt":"2015-06-19T17:11:23","guid":{"rendered":"http:\/\/amfolkfest.cz\/?page_id=1205"},"modified":"2015-07-23T11:24:54","modified_gmt":"2015-07-23T11:24:54","slug":"sponzori-2015","status":"publish","type":"page","link":"https:\/\/amfolkfest.cz\/?page_id=1205","title":{"rendered":"Sponzo\u0159i 2015"},"content":{"rendered":"<table border=\"0\" cellspacing=\"2\" cellpadding=\"2\" align=\"center\">\n<tbody>\n<tr>\n<td><a href=\"http:\/\/www.nadace-zivot-umelce.cz\/\"><img loading=\"lazy\" decoding=\"async\" class=\"aligncenter size-full wp-image-1178\" src=\"\/wp-content\/uploads\/2015\/03\/zivot_umelce.jpg\" alt=\"NZU_logo s textem NZU_CMYK\" width=\"120\" height=\"75\" \/><\/a><\/td>\n<td>\u00a0<a href=\"http:\/\/www.kr-zlinsky.cz\/\" target=\"_blank\"><img loading=\"lazy\" decoding=\"async\" class=\"aligncenter wp-image-1180 size-full\" src=\"\/wp-content\/uploads\/2015\/03\/zk_logo.jpg\" alt=\"zk_logo\" width=\"150\" height=\"37\" \/><\/a><\/td>\n<td><a href=\"http:\/\/www.francovalhota.cz\/\" target=\"_blank\"><img decoding=\"async\" src=\"sp12\/francovalhota12.jpg\" alt=\"\" width=\"130\" border=\"0\" \/><\/a><\/td>\n<\/tr>\n<tr>\n<td><a href=\"http:\/\/www.kalirnafrydrych.cz\/\" target=\"_blank\"><img decoding=\"async\" src=\"http:\/\/www.amfolkfest.cz\/sp12\/frydrych_12.jpg\" alt=\"\" width=\"150\" border=\"0\" \/><img decoding=\"async\" src=\".\/sp12\/rodinnecentrum_12.jpg\" alt=\"\" width=\"130\" border=\"0\" \/><\/a><\/td>\n<td>\n<p><figure id=\"attachment_1087\" aria-describedby=\"caption-attachment-1087\" style=\"width: 122px\" class=\"wp-caption aligncenter\"><a href=\"http:\/\/www.agrofyto.cz\" target=\"_blank\"><img loading=\"lazy\" decoding=\"async\" class=\"wp-image-1087\" src=\"http:\/\/amfolkfest.cz\/wp-content\/uploads\/2012\/02\/logo-agrofyto.jpg\" alt=\"agrofyto\" width=\"122\" height=\"53\" \/><\/a><figcaption id=\"caption-attachment-1087\" class=\"wp-caption-text\">agrofyto<\/figcaption><\/figure><\/td>\n<td>\n<p><figure id=\"attachment_1086\" aria-describedby=\"caption-attachment-1086\" style=\"width: 122px\" class=\"wp-caption aligncenter\"><a href=\"http:\/\/www.link24.cz\" target=\"_blank\"><img loading=\"lazy\" decoding=\"async\" class=\"wp-image-1086\" src=\"\/wp-content\/uploads\/2012\/02\/link24_12.jpg\" alt=\"link24\" width=\"122\" height=\"54\" \/><\/a><figcaption id=\"caption-attachment-1086\" class=\"wp-caption-text\">link24<\/figcaption><\/figure><\/td>\n<\/tr>\n<tr>\n<td><a href=\"http:\/\/www.austin.cz\"><img loading=\"lazy\" decoding=\"async\" class=\"aligncenter size-full wp-image-1138\" src=\"\/wp-content\/uploads\/2015\/03\/logo_AD_vertical_1-1.jpg\" alt=\"logo_AD_vertical_1-1\" width=\"145\" height=\"88\" \/><\/a><\/td>\n<td><a href=\"http:\/\/www.geodet-adamik.cz\/\" target=\"_blank\"><img loading=\"lazy\" decoding=\"async\" class=\"aligncenter wp-image-1183 size-medium\" src=\"\/wp-content\/uploads\/2012\/02\/adamik-300x95.jpg\" alt=\"adamik\" width=\"300\" height=\"95\" srcset=\"https:\/\/amfolkfest.cz\/wp-content\/uploads\/2012\/02\/adamik-300x95.jpg 300w, https:\/\/amfolkfest.cz\/wp-content\/uploads\/2012\/02\/adamik-660x209.jpg 660w, https:\/\/amfolkfest.cz\/wp-content\/uploads\/2012\/02\/adamik-240x76.jpg 240w, https:\/\/amfolkfest.cz\/wp-content\/uploads\/2012\/02\/adamik.jpg 676w\" sizes=\"auto, (max-width: 300px) 100vw, 300px\" \/><\/a><\/td>\n<td><a href=\"http:\/\/www.pivo-konrad.cz\/\" target=\"_blank\"><img decoding=\"async\" src=\"sp12\/konrad12.jpg\" alt=\"\" width=\"130\" border=\"0\" \/><\/a><\/td>\n<\/tr>\n<tr>\n<td>\u00a0<img loading=\"lazy\" decoding=\"async\" class=\"aligncenter wp-image-1123 \" src=\"\/wp-content\/uploads\/2015\/03\/is.jpg\" alt=\"is\" width=\"106\" height=\"79\" \/><\/td>\n<td><img decoding=\"async\" src=\".\/sp12\/oulehla_12.jpg\" alt=\"\" width=\"130\" border=\"0\" \/><\/td>\n<td>\u00a0<a href=\"\/wp-content\/uploads\/2012\/02\/pivovar_bylnice.jpg\"><img loading=\"lazy\" decoding=\"async\" class=\"aligncenter size-full wp-image-1203\" src=\"\/wp-content\/uploads\/2012\/02\/pivovar_bylnice.jpg\" alt=\"pivovar_bylnice\" width=\"180\" height=\"80\" \/><\/a><\/td>\n<\/tr>\n<tr>\n<td><a href=\"http:\/\/www.design88.eu\/\" target=\"_blank\"><img decoding=\"async\" src=\"http:\/\/www.amfolkfest.cz\/sp12\/8812.jpg\" alt=\"\" width=\"150\" border=\"0\" \/><\/a><\/td>\n<td><a href=\"http:\/\/www.lachim.cz\/\"><img loading=\"lazy\" decoding=\"async\" class=\"aligncenter size-thumbnail wp-image-1133\" src=\"\/wp-content\/uploads\/2015\/03\/lachim12-150x80.jpg\" alt=\"lachim12\" width=\"150\" height=\"80\" \/><\/a><\/td>\n<\/tr>\n<tr>\n<td colspan=\"2\"><a href=\"http:\/\/www.avisvs.cz\/\"><img loading=\"lazy\" decoding=\"async\" class=\"aligncenter size-thumbnail wp-image-1097\" src=\"\/wp-content\/uploads\/2015\/03\/avis_logo-150x52.jpg\" alt=\"avis_logo\" width=\"150\" height=\"52\" \/><\/a><\/td>\n<td><\/td>\n<\/tr>\n<\/tbody>\n<\/table>\n<address>Speci\u00e1ln\u00ed pod\u011bkov\u00e1n\u00ed: Fa PISUD, s.r.o, Western salonu u Wiliho, H\u00e1jkov\u00fdm, Pajz\u00e1kov\u00fdm, Kinclov\u00fdm, Navr\u00e1tilov\u00fdm, Dra\u0161narov\u00fdm a v\u0161em obyvatel\u016fm kr\u00e1sn\u00e9 obce Pul\u010d\u00edn za trp\u011blivost.V\u0161em p\u0159\u00e1tel\u016fm a kamar\u00e1d\u016fm, kte\u0159\u00ed se pod\u00edlej\u00ed na festivalu.<\/address>\n","protected":false},"excerpt":{"rendered":"<p>\u00a0 \u00a0 \u00a0 Speci\u00e1ln\u00ed pod\u011bkov\u00e1n\u00ed: Fa PISUD, s.r.o, Western salonu u Wiliho, H\u00e1jkov\u00fdm, Pajz\u00e1kov\u00fdm, Kinclov\u00fdm, Navr\u00e1tilov\u00fdm, Dra\u0161narov\u00fdm a v\u0161em obyvatel\u016fm kr\u00e1sn\u00e9 obce Pul\u010d\u00edn za trp\u011blivost.V\u0161em p\u0159\u00e1tel\u016fm a kamar\u00e1d\u016fm, kte\u0159\u00ed se pod\u00edlej\u00ed na festivalu.<span class=\"more-link theme-more-link\"><a href=\"https:\/\/amfolkfest.cz\/?page_id=1205\">Continue Reading<\/a><\/span><\/p>\n","protected":false},"author":1,"featured_media":0,"parent":565,"menu_order":0,"comment_status":"closed","ping_status":"open","template":"","meta":{"ngg_post_thumbnail":0,"footnotes":"","_links_to":"","_links_to_target":""},"class_list":["entry","author-pery","post-1205","page","type-page","status-publish"],"_links":{"self":[{"href":"https:\/\/amfolkfest.cz\/index.php?rest_route=\/wp\/v2\/pages\/1205","targetHints":{"allow":["GET"]}}],"collection":[{"href":"https:\/\/amfolkfest.cz\/index.php?rest_route=\/wp\/v2\/pages"}],"about":[{"href":"https:\/\/amfolkfest.cz\/index.php?rest_route=\/wp\/v2\/types\/page"}],"author":[{"embeddable":true,"href":"https:\/\/amfolkfest.cz\/index.php?rest_route=\/wp\/v2\/users\/1"}],"replies":[{"embeddable":true,"href":"https:\/\/amfolkfest.cz\/index.php?rest_route=%2Fwp%2Fv2%2Fcomments&post=1205"}],"version-history":[{"count":7,"href":"https:\/\/amfolkfest.cz\/index.php?rest_route=\/wp\/v2\/pages\/1205\/revisions"}],"predecessor-version":[{"id":1250,"href":"https:\/\/amfolkfest.cz\/index.php?rest_route=\/wp\/v2\/pages\/1205\/revisions\/1250"}],"up":[{"embeddable":true,"href":"https:\/\/amfolkfest.cz\/index.php?rest_route=\/wp\/v2\/pages\/565"}],"wp:attachment":[{"href":"https:\/\/amfolkfest.cz\/index.php?rest_route=%2Fwp%2Fv2%2Fmedia&parent=1205"}],"curies":[{"name":"wp","href":"https:\/\/api.w.org\/{rel}","templated":true}]}}