{"id":2768,"date":"2022-04-14T10:52:38","date_gmt":"2022-04-14T10:52:38","guid":{"rendered":"https:\/\/amfolkfest.cz\/?page_id=2768"},"modified":"2022-04-14T10:52:38","modified_gmt":"2022-04-14T10:52:38","slug":"2021-2","status":"publish","type":"page","link":"https:\/\/amfolkfest.cz\/?page_id=2768","title":{"rendered":"2021"},"content":{"rendered":"<p style=\"text-align: center;\"><span style=\"color: #0066cc;\"><strong>D\u011bkujeme v\u0161em n\u00e1v\u0161t\u011bvn\u00edk\u016fm, p\u0159\u00edznivc\u016fm, interpret\u016fm, sponzor\u016fm, d\u00e1rc\u016fm a obci Francova Lhota. Velk\u00e9 d\u00edky pat\u0159\u00ed m\u00edstn\u00edm obyvatel\u016fm a chata\u0159\u016fm obce Pul\u010d\u00edn za trp\u011blivost a sousedskou v\u00fdpomoc p\u0159i realizaci festivalu.<\/strong><\/span><\/p>\n<p style=\"text-align: center;\">&nbsp;<\/p>\n<h1 style=\"text-align: center;\"><strong>Partne\u0159i a d\u00e1rci<a href=\"\/\/amfolkfest.cz\/wp-content\/uploads\/2012\/02\/f_lhota.jpg\"><img loading=\"lazy\" decoding=\"async\" class=\"size-full wp-image-1613 aligncenter\" src=\"\/\/amfolkfest.cz\/wp-content\/uploads\/2012\/02\/f_lhota.jpg\" alt=\"\" width=\"150\" height=\"80\"\/><\/a><\/strong><a href=\"https:\/\/www.kr-zlinsky.cz\/\" target=\"_blank\" rel=\"noopener\"><img loading=\"lazy\" decoding=\"async\" class=\"aligncenter wp-image-2701 size-medium\" src=\"https:\/\/amfolkfest.cz\/wp-content\/uploads\/2021\/06\/zlinsky-kraj-300x78.png\" alt=\"\" width=\"300\" height=\"78\" srcset=\"https:\/\/amfolkfest.cz\/wp-content\/uploads\/2021\/06\/zlinsky-kraj-300x78.png 300w, https:\/\/amfolkfest.cz\/wp-content\/uploads\/2021\/06\/zlinsky-kraj-240x62.png 240w, https:\/\/amfolkfest.cz\/wp-content\/uploads\/2021\/06\/zlinsky-kraj.png 440w\" sizes=\"auto, (max-width: 300px) 100vw, 300px\" \/><\/a><\/h1>\n<table class=\" aligncenter\">\n<tbody>\n<tr>\n<td width=\"120px\"><a href=\"http:\/\/www.slunicko-vsetin.cz\/\" target=\"_blank\" rel=\"noopener noreferrer\"><img loading=\"lazy\" decoding=\"async\" class=\"wp-image-1607 aligncenter\" src=\"\/wp-content\/uploads\/2016\/06\/rodinnecentrum_12-150x80.jpg\" alt=\"rodinnecentrum_12-150x80\" width=\"100\" height=\"53\"\/><\/a><\/td>\n<td width=\"120px\"><img loading=\"lazy\" decoding=\"async\" class=\"aligncenter wp-image-1602 size-thumbnail\" src=\"https:\/\/amfolkfest.cz\/wp-content\/uploads\/2016\/06\/oulehla_12-150x80-150x80.jpg\" alt=\"\" width=\"150\" height=\"80\"\/><\/td>\n<td width=\"120px\"><a href=\"http:\/\/www.geodet-adamik.cz\" target=\"_blank\" rel=\"noopener noreferrer\"><img loading=\"lazy\" decoding=\"async\" class=\"aligncenter\" src=\"\/wp-content\/uploads\/2016\/06\/adamik.jpg\" alt=\"adamik\" width=\"121\" height=\"47\"\/><br \/>\n<\/a><\/td>\n<\/tr>\n<tr>\n<td width=\"120px\"><a href=\"http:\/\/www.avisvs.cz\/\"><img loading=\"lazy\" decoding=\"async\" class=\"aligncenter size-thumbnail wp-image-1097\" src=\"\/wp-content\/uploads\/2015\/03\/avis_logo-150x52.jpg\" alt=\"avis_logo\" width=\"150\" height=\"52\"\/><\/a><\/td>\n<td width=\"120px\"><a href=\"https:\/\/horolezcivsetin.webnode.cz\/\" target=\"_blank\" rel=\"noopener\"><img loading=\"lazy\" decoding=\"async\" class=\"aligncenter wp-image-2172\" src=\"\/\/amfolkfest.cz\/wp-content\/uploads\/2019\/07\/sta\u017een\u00fd-soubor-2.jpg\" alt=\"\" width=\"102\" height=\"64\" srcset=\"https:\/\/amfolkfest.cz\/wp-content\/uploads\/2019\/07\/sta\u017een\u00fd-soubor-2.jpg 283w, https:\/\/amfolkfest.cz\/wp-content\/uploads\/2019\/07\/sta\u017een\u00fd-soubor-2-240x151.jpg 240w\" sizes=\"auto, (max-width: 102px) 100vw, 102px\" \/><\/a><\/td>\n<td width=\"120px\"><a href=\"http:\/\/www.design88.eu\/\" target=\"_blank\" rel=\"noopener\"><img loading=\"lazy\" decoding=\"async\" class=\"alignnone wp-image-1591 size-full\" src=\"https:\/\/amfolkfest.cz\/wp-content\/uploads\/2016\/06\/8812-150x80.jpg\" alt=\"\" width=\"150\" height=\"80\"\/><\/a><\/td>\n<\/tr>\n<tr>\n<td width=\"120px\"><a href=\"https:\/\/www.link24.cz\/\" target=\"_blank\" rel=\"noopener\"><img loading=\"lazy\" decoding=\"async\" class=\"aligncenter wp-image-2707 size-full\" src=\"\/\/amfolkfest.cz\/wp-content\/uploads\/2021\/06\/link_24_2021.jpg\" alt=\"\" width=\"180\" height=\"80\"\/><\/a><\/td>\n<td width=\"120px\"><a href=\"https:\/\/www.agrofyto.cz\/\" target=\"_blank\" rel=\"noopener\"><img loading=\"lazy\" decoding=\"async\" class=\"aligncenter\" src=\"https:\/\/amfolkfest.cz\/wp-content\/uploads\/2012\/02\/agro-2.jpg\" alt=\"agro\" width=\"100\" height=\"53\"\/><\/a><\/td>\n<td width=\"120px\"><a href=\"http:\/\/www.1vasto.cz\/\" target=\"_blank\" rel=\"noopener\"><img loading=\"lazy\" decoding=\"async\" class=\"alignnone\" src=\"https:\/\/amfolkfest.cz\/wp-content\/uploads\/2016\/06\/vasto_12-150x80.jpg\" alt=\"vasto_12-150x80\" width=\"150\" height=\"80\"\/><\/a><\/td>\n<\/tr>\n<tr>\n<td><a href=\"https:\/\/www.nadace-zivot-umelce.cz\/\" target=\"_blank\" rel=\"noopener\"><img loading=\"lazy\" decoding=\"async\" class=\"alignnone wp-image-1179 size-full\" src=\"https:\/\/amfolkfest.cz\/wp-content\/uploads\/2015\/03\/zivotumelce12.jpg\" alt=\"\" width=\"180\" height=\"80\"\/><\/a><\/td>\n<td width=\"120px\"><a href=\"https:\/\/www.austin.cz\/\" target=\"_blank\" rel=\"noopener\"><img loading=\"lazy\" decoding=\"async\" class=\"aligncenter wp-image-2698 size-medium\" src=\"https:\/\/amfolkfest.cz\/wp-content\/uploads\/2021\/06\/austin-300x166.png\" alt=\"\" width=\"300\" height=\"166\" srcset=\"https:\/\/amfolkfest.cz\/wp-content\/uploads\/2021\/06\/austin-300x166.png 300w, https:\/\/amfolkfest.cz\/wp-content\/uploads\/2021\/06\/austin-1024x567.png 1024w, https:\/\/amfolkfest.cz\/wp-content\/uploads\/2021\/06\/austin-768x425.png 768w, https:\/\/amfolkfest.cz\/wp-content\/uploads\/2021\/06\/austin-1536x851.png 1536w, https:\/\/amfolkfest.cz\/wp-content\/uploads\/2021\/06\/austin-2048x1135.png 2048w, https:\/\/amfolkfest.cz\/wp-content\/uploads\/2021\/06\/austin-660x366.png 660w, https:\/\/amfolkfest.cz\/wp-content\/uploads\/2021\/06\/austin-240x133.png 240w\" sizes=\"auto, (max-width: 300px) 100vw, 300px\" \/><\/a><\/td>\n<td width=\"120px\"><img loading=\"lazy\" decoding=\"async\" class=\"aligncenter wp-image-1166 size-full\" src=\"https:\/\/amfolkfest.cz\/wp-content\/uploads\/2015\/03\/trochta_12.jpg\" alt=\"\" width=\"180\" height=\"80\"\/><\/td>\n<\/tr>\n<tr>\n<td>&nbsp;<\/td>\n<td width=\"120px\"><img loading=\"lazy\" decoding=\"async\" class=\"aligncenter wp-image-1113\" src=\"\/\/amfolkfest.cz\/wp-content\/uploads\/2015\/03\/frydrych_12.jpg\" alt=\"\" width=\"163\" height=\"72\"\/><\/td>\n<td width=\"120px\">&nbsp;<\/td>\n<\/tr>\n<tr>\n<td>&nbsp;<\/td>\n<td width=\"120px\">&nbsp;<\/td>\n<td width=\"120px\">&nbsp;<\/td>\n<\/tr>\n<\/tbody>\n<\/table>\n","protected":false},"excerpt":{"rendered":"<p>D\u011bkujeme v\u0161em n\u00e1v\u0161t\u011bvn\u00edk\u016fm, p\u0159\u00edznivc\u016fm, interpret\u016fm, sponzor\u016fm, d\u00e1rc\u016fm a obci Francova Lhota. Velk\u00e9 d\u00edky pat\u0159\u00ed m\u00edstn\u00edm obyvatel\u016fm a chata\u0159\u016fm obce Pul\u010d\u00edn za trp\u011blivost a sousedskou v\u00fdpomoc p\u0159i realizaci festivalu. &nbsp; Partne\u0159i a d\u00e1rci &nbsp; &nbsp; &nbsp; &nbsp; &nbsp;<span class=\"more-link theme-more-link\"><a href=\"https:\/\/amfolkfest.cz\/?page_id=2768\">Continue Reading<\/a><\/span><\/p>\n","protected":false},"author":1,"featured_media":0,"parent":0,"menu_order":0,"comment_status":"closed","ping_status":"closed","template":"","meta":{"ngg_post_thumbnail":0,"footnotes":"","_links_to":"","_links_to_target":""},"class_list":["entry","author-pery","post-2768","page","type-page","status-publish"],"_links":{"self":[{"href":"https:\/\/amfolkfest.cz\/index.php?rest_route=\/wp\/v2\/pages\/2768","targetHints":{"allow":["GET"]}}],"collection":[{"href":"https:\/\/amfolkfest.cz\/index.php?rest_route=\/wp\/v2\/pages"}],"about":[{"href":"https:\/\/amfolkfest.cz\/index.php?rest_route=\/wp\/v2\/types\/page"}],"author":[{"embeddable":true,"href":"https:\/\/amfolkfest.cz\/index.php?rest_route=\/wp\/v2\/users\/1"}],"replies":[{"embeddable":true,"href":"https:\/\/amfolkfest.cz\/index.php?rest_route=%2Fwp%2Fv2%2Fcomments&post=2768"}],"version-history":[{"count":1,"href":"https:\/\/amfolkfest.cz\/index.php?rest_route=\/wp\/v2\/pages\/2768\/revisions"}],"predecessor-version":[{"id":2769,"href":"https:\/\/amfolkfest.cz\/index.php?rest_route=\/wp\/v2\/pages\/2768\/revisions\/2769"}],"wp:attachment":[{"href":"https:\/\/amfolkfest.cz\/index.php?rest_route=%2Fwp%2Fv2%2Fmedia&parent=2768"}],"curies":[{"name":"wp","href":"https:\/\/api.w.org\/{rel}","templated":true}]}}