{"id":3420,"date":"2025-07-22T18:01:03","date_gmt":"2025-07-22T18:01:03","guid":{"rendered":"https:\/\/amfolkfest.cz\/?page_id=3420"},"modified":"2025-07-22T18:02:39","modified_gmt":"2025-07-22T18:02:39","slug":"sponzori-2025","status":"publish","type":"page","link":"https:\/\/amfolkfest.cz\/?page_id=3420","title":{"rendered":"Sponzo\u0159i 2025"},"content":{"rendered":"<p>&nbsp;<\/p>\n<p><img loading=\"lazy\" decoding=\"async\" class=\"aligncenter wp-image-3078 size-medium\" src=\"https:\/\/amfolkfest.cz\/wp-content\/uploads\/2023\/07\/logo-30-let-300x195.png\" alt=\"\" width=\"300\" height=\"195\" srcset=\"https:\/\/amfolkfest.cz\/wp-content\/uploads\/2023\/07\/logo-30-let-300x195.png 300w, https:\/\/amfolkfest.cz\/wp-content\/uploads\/2023\/07\/logo-30-let-1024x665.png 1024w, https:\/\/amfolkfest.cz\/wp-content\/uploads\/2023\/07\/logo-30-let-768x499.png 768w, https:\/\/amfolkfest.cz\/wp-content\/uploads\/2023\/07\/logo-30-let-1536x998.png 1536w, https:\/\/amfolkfest.cz\/wp-content\/uploads\/2023\/07\/logo-30-let-2048x1331.png 2048w, https:\/\/amfolkfest.cz\/wp-content\/uploads\/2023\/07\/logo-30-let-660x429.png 660w, https:\/\/amfolkfest.cz\/wp-content\/uploads\/2023\/07\/logo-30-let-240x156.png 240w\" sizes=\"auto, (max-width: 300px) 100vw, 300px\" \/><\/p>\n<h3 style=\"text-align: center;\"><strong style=\"font-size: 16px; text-align: center; color: #4b4b4b;\">R\u00e1di bychom touto cestou pod\u011bkovali i p. Petrovi H\u00e1jkovi s rodinou.<\/strong><\/h3>\n<div>\n<div class=\"stjgntxs ni8dbmo4 l82x9zwi uo3d90p7 h905i5nu monazrh9\" data-visualcompletion=\"ignore-dynamic\">\n<div class=\"l9j0dhe7\">\n<div class=\"bp9cbjyn m9osqain j83agx80 jq4qci2q bkfpd7mw a3bd9o3v kvgmc6g5 wkznzc2l oygrvhab dhix69tm jktsbyx5 rz4wbd8a osnr6wyh a8nywdso s1tcr66n\">\n<div class=\"kb5gq1qc pfnyh3mw c0wkt4kp\" style=\"text-align: center;\"><strong>V\u0161em \u00fa\u017easn\u00fdm obyvatel\u016fm kr\u00e1sn\u00e9 obce Pul\u010d\u00edn za trp\u011blivost a <\/strong><\/div>\n<div class=\"kb5gq1qc pfnyh3mw c0wkt4kp\" style=\"text-align: center;\"><strong>shov\u00edvavost k n\u00e1v\u0161t\u011bvn\u00edk\u016fm a k parkov\u00e1n\u00ed \u00fa\u010dinkuj\u00edc\u00edch a po\u0159adatel\u016f.<\/strong><\/div>\n<\/div>\n<\/div>\n<\/div>\n<\/div>\n<h1 style=\"text-align: center;\"><span style=\"color: #214d88;\"><strong>Partne\u0159i a d\u00e1rci<\/strong><\/span><\/h1>\n<p style=\"text-align: center;\">\u200b<a href=\"http:\/\/www.1vasto.cz\/\" target=\"_blank\" rel=\"noopener\"><img loading=\"lazy\" decoding=\"async\" class=\"aligncenter wp-image-2851 size-full\" src=\"https:\/\/amfolkfest.cz\/wp-content\/uploads\/2022\/07\/vasto_logo.png\" alt=\"\" width=\"250\" height=\"117\" srcset=\"https:\/\/amfolkfest.cz\/wp-content\/uploads\/2022\/07\/vasto_logo.png 250w, https:\/\/amfolkfest.cz\/wp-content\/uploads\/2022\/07\/vasto_logo-240x112.png 240w\" sizes=\"auto, (max-width: 250px) 100vw, 250px\" \/><\/a><\/p>\n<p>\u200b<span style=\"color: #ff0000;\"><strong><a href=\"https:\/\/zlinskykraj.cz\/\" target=\"_blank\" rel=\"noopener\"><img loading=\"lazy\" decoding=\"async\" class=\"aligncenter wp-image-3372 size-medium\" src=\"https:\/\/amfolkfest.cz\/wp-content\/uploads\/2025\/06\/Logo-Zlinsky-kraj-JPG-bile-300x122.jpg\" alt=\"\" width=\"300\" height=\"122\" srcset=\"https:\/\/amfolkfest.cz\/wp-content\/uploads\/2025\/06\/Logo-Zlinsky-kraj-JPG-bile-300x122.jpg 300w, https:\/\/amfolkfest.cz\/wp-content\/uploads\/2025\/06\/Logo-Zlinsky-kraj-JPG-bile-768x311.jpg 768w, https:\/\/amfolkfest.cz\/wp-content\/uploads\/2025\/06\/Logo-Zlinsky-kraj-JPG-bile-660x267.jpg 660w, https:\/\/amfolkfest.cz\/wp-content\/uploads\/2025\/06\/Logo-Zlinsky-kraj-JPG-bile-240x97.jpg 240w, https:\/\/amfolkfest.cz\/wp-content\/uploads\/2025\/06\/Logo-Zlinsky-kraj-JPG-bile.jpg 800w\" sizes=\"auto, (max-width: 300px) 100vw, 300px\" \/><\/a><\/strong><\/span><\/p>\n<p><span style=\"color: #ff0000;\"><strong><a href=\"https:\/\/francovalhota.cz\/\" target=\"_blank\" rel=\"noopener\"><img decoding=\"async\" class=\"aligncenter wp-image-2851 size-full\" src=\"\/\/amfolkfest.cz\/wp-content\/uploads\/2012\/02\/f_lhota.jpg\" alt=\"\" width=\"300\"\/><\/a><\/strong><\/span><\/p>\n<p>\u200b<\/p>\n<table id=\"sp\" style=\"text-align: center; height: 979px;\" width=\"788\">\n<tbody>\n<tr>\n<td style=\"text-align: center;\" colspan=\"3\">&nbsp;<\/td>\n<\/tr>\n<tr>\n<td colspan=\"3\" nowrap=\"nowrap\"><a href=\"https:\/\/uwillyho.blogspot.com\/\" target=\"_blank\" rel=\"noopener\"><img loading=\"lazy\" decoding=\"async\" class=\"aligncenter wp-image-3400 size-full\" src=\"https:\/\/amfolkfest.cz\/wp-content\/uploads\/2025\/06\/willy.png\" alt=\"\" width=\"660\" height=\"78\" srcset=\"https:\/\/amfolkfest.cz\/wp-content\/uploads\/2025\/06\/willy.png 660w, https:\/\/amfolkfest.cz\/wp-content\/uploads\/2025\/06\/willy-300x35.png 300w, https:\/\/amfolkfest.cz\/wp-content\/uploads\/2025\/06\/willy-240x28.png 240w\" sizes=\"auto, (max-width: 660px) 100vw, 660px\" \/><\/a><\/td>\n<\/tr>\n<tr>\n<td colspan=\"3\">&nbsp;<\/td>\n<\/tr>\n<tr>\n<td><a href=\"http:\/\/www.slunicko-vsetin.cz\/\" target=\"_blank\" rel=\"noopener noreferrer\"><img loading=\"lazy\" decoding=\"async\" class=\"aligncenter wp-image-3381 size-full\" src=\"https:\/\/amfolkfest.cz\/wp-content\/uploads\/2025\/06\/slunicko.png\" alt=\"\" width=\"225\" height=\"176\"\/><\/a><\/td>\n<td>&nbsp;<\/td>\n<td style=\"text-align: center;\"><a href=\"https:\/\/www.geodet-adamik.cz\/\" target=\"_blank\" rel=\"noopener\"><img loading=\"lazy\" decoding=\"async\" class=\"aligncenter wp-image-3384 size-medium\" src=\"\/\/amfolkfest.cz\/wp-content\/uploads\/2025\/06\/adamik-1-300x92.png\" alt=\"\" width=\"300\" height=\"92\" srcset=\"https:\/\/amfolkfest.cz\/wp-content\/uploads\/2025\/06\/adamik-1-300x92.png 300w, https:\/\/amfolkfest.cz\/wp-content\/uploads\/2025\/06\/adamik-1-1024x315.png 1024w, https:\/\/amfolkfest.cz\/wp-content\/uploads\/2025\/06\/adamik-1-768x236.png 768w, https:\/\/amfolkfest.cz\/wp-content\/uploads\/2025\/06\/adamik-1-660x203.png 660w, https:\/\/amfolkfest.cz\/wp-content\/uploads\/2025\/06\/adamik-1-240x74.png 240w, https:\/\/amfolkfest.cz\/wp-content\/uploads\/2025\/06\/adamik-1.png 1032w\" sizes=\"auto, (max-width: 300px) 100vw, 300px\" \/><\/a><\/td>\n<\/tr>\n<tr>\n<td><a href=\"https:\/\/www.austin.cz\/\" target=\"_blank\" rel=\"noopener\"><img loading=\"lazy\" decoding=\"async\" class=\"aligncenter\" src=\"https:\/\/amfolkfest.cz\/wp-content\/uploads\/2021\/06\/austin-300x166.png\" alt=\"\" width=\"300\" height=\"166\"\/><\/a><\/td>\n<td>&nbsp;<\/td>\n<td style=\"text-align: center;\"><a href=\"https:\/\/www.nadace-zivot-umelce.cz\/\" target=\"_blank\" rel=\"noopener\"><img decoding=\"async\" class=\"aligncenter wp-image-2843 \" src=\"\/\/amfolkfest.cz\/wp-content\/uploads\/2022\/07\/logo_30_vertical-150x150.png\" alt=\"\" width=\"500\"\/><\/a><\/td>\n<\/tr>\n<tr>\n<td><a href=\"https:\/\/www.link24.cz\/\" target=\"_blank\" rel=\"noopener\"><img loading=\"lazy\" decoding=\"async\" class=\"aligncenter wp-image-2707 size-full\" src=\"https:\/\/amfolkfest.cz\/wp-content\/uploads\/2021\/06\/link_24_2021.jpg\" alt=\"\" width=\"180\" height=\"80\"\/><\/a><\/td>\n<td>&nbsp;<\/td>\n<td><a href=\"https:\/\/agrofyto.cz\" target=\"_blank\" rel=\"noopener\"><img decoding=\"async\" class=\"aligncenter wp-image-1634 size-full\" src=\"https:\/\/amfolkfest.cz\/wp-content\/uploads\/2012\/02\/agro-1.jpg\" alt=\"\" width=\"200\"\/><\/a><\/td>\n<td>&nbsp;<\/td>\n<\/tr>\n<tr>\n<td><a href=\"http:\/\/www.design88.eu\/\" target=\"_blank\" rel=\"noopener\"><img loading=\"lazy\" decoding=\"async\" class=\"aligncenter\" src=\"https:\/\/amfolkfest.cz\/wp-content\/uploads\/2016\/06\/8812-150x80.jpg\" alt=\"\" width=\"186\" height=\"99\"\/><\/a><\/td>\n<td>&nbsp;<\/td>\n<td><a href=\"https:\/\/avisvs.cz\/\" target=\"_blank\" rel=\"noopener\"><img loading=\"lazy\" decoding=\"async\" class=\"wp-image-2859 aligncenter\" src=\"\/\/amfolkfest.cz\/wp-content\/uploads\/2022\/07\/avis-logo-big-1.png\" alt=\"\" width=\"180\" height=\"35\"\/><\/a><\/td>\n<\/tr>\n<tr>\n<td><a href=\"https:\/\/www.pulcinskeskaly.cz\/\" target=\"_blank\" rel=\"noopener\"><img loading=\"lazy\" decoding=\"async\" class=\"aligncenter\" src=\"https:\/\/www.pulcinskeskaly.cz\/assets\/img\/penzion.png\" alt=\"\" width=\"354\" height=\"149\"\/><\/a><\/p>\n<p><a href=\"https:\/\/www.pulcinskeskaly.cz\/\" target=\"_blank\" rel=\"noopener\"><img loading=\"lazy\" decoding=\"async\" class=\"aligncenter\" src=\"https:\/\/www.pulcinskeskaly.cz\/assets\/img\/stodola.png\" alt=\"\" width=\"516\" height=\"150\"\/><\/a><\/td>\n<td>&nbsp;<\/td>\n<td><a class=\".mezera\" href=\"http:\/\/www.zd-francovalhota.cz\/\"><img decoding=\"async\" class=\".mezera aligncenter wp-image-3250 size-medium\" src=\"https:\/\/amfolkfest.cz\/wp-content\/uploads\/2024\/07\/ZD_Francova_lhota1-300x125.png\" alt=\"\" width=\"500px\" srcset=\"https:\/\/amfolkfest.cz\/wp-content\/uploads\/2024\/07\/ZD_Francova_lhota1-300x125.png 300w, https:\/\/amfolkfest.cz\/wp-content\/uploads\/2024\/07\/ZD_Francova_lhota1-768x320.png 768w, https:\/\/amfolkfest.cz\/wp-content\/uploads\/2024\/07\/ZD_Francova_lhota1-660x275.png 660w, https:\/\/amfolkfest.cz\/wp-content\/uploads\/2024\/07\/ZD_Francova_lhota1-240x100.png 240w, https:\/\/amfolkfest.cz\/wp-content\/uploads\/2024\/07\/ZD_Francova_lhota1.png 917w\" sizes=\"(max-width: 300px) 100vw, 300px\" \/><\/a><\/td>\n<\/tr>\n<tr>\n<td><a href=\"https:\/\/www.3csystems.cz\/\"><img decoding=\"async\" class=\"aligncenter size-full wp-image-3353\" src=\"\/\/amfolkfest.cz\/wp-content\/uploads\/2025\/06\/images.png\" alt=\"\" width=\"500px\" srcset=\"https:\/\/amfolkfest.cz\/wp-content\/uploads\/2025\/06\/images.png 465w, https:\/\/amfolkfest.cz\/wp-content\/uploads\/2025\/06\/images-300x70.png 300w, https:\/\/amfolkfest.cz\/wp-content\/uploads\/2025\/06\/images-240x56.png 240w\" sizes=\"(max-width: 465px) 100vw, 465px\" \/><\/a><\/td>\n<td>&nbsp;&nbsp;&nbsp;&nbsp;&nbsp;&nbsp;&nbsp;&nbsp;&nbsp;&nbsp;<\/td>\n<td><a href=\"https:\/\/www.lidecko.cz\/\" target=\"_blank\" rel=\"noopener\"><img decoding=\"async\" class=\"aligncenter\" src=\"\/\/amfolkfest.cz\/wp-content\/uploads\/2022\/07\/logo-lidecko.png\" alt=\"\" width=\"500px\"\/><\/a><\/td>\n<td>&nbsp;<\/td>\n<\/tr>\n<\/tbody>\n<\/table>\n","protected":false},"excerpt":{"rendered":"<p>&nbsp; R\u00e1di bychom touto cestou pod\u011bkovali i p. Petrovi H\u00e1jkovi s rodinou. V\u0161em \u00fa\u017easn\u00fdm obyvatel\u016fm kr\u00e1sn\u00e9 obce Pul\u010d\u00edn za trp\u011blivost a shov\u00edvavost k n\u00e1v\u0161t\u011bvn\u00edk\u016fm a k parkov\u00e1n\u00ed \u00fa\u010dinkuj\u00edc\u00edch a po\u0159adatel\u016f. Partne\u0159i a d\u00e1rci \u200b \u200b \u200b &nbsp; &nbsp; &nbsp; &nbsp; &nbsp; &nbsp; &nbsp; &nbsp; &nbsp;&nbsp;&nbsp;&nbsp;&nbsp;&nbsp;&nbsp;&nbsp;&nbsp;&nbsp; &nbsp;<span class=\"more-link theme-more-link\"><a href=\"https:\/\/amfolkfest.cz\/?page_id=3420\">Continue Reading<\/a><\/span><\/p>\n","protected":false},"author":1,"featured_media":0,"parent":0,"menu_order":1,"comment_status":"open","ping_status":"open","template":"","meta":{"ngg_post_thumbnail":0,"footnotes":"","_links_to":"","_links_to_target":""},"class_list":["entry","author-pery","post-3420","page","type-page","status-publish"],"_links":{"self":[{"href":"https:\/\/amfolkfest.cz\/index.php?rest_route=\/wp\/v2\/pages\/3420","targetHints":{"allow":["GET"]}}],"collection":[{"href":"https:\/\/amfolkfest.cz\/index.php?rest_route=\/wp\/v2\/pages"}],"about":[{"href":"https:\/\/amfolkfest.cz\/index.php?rest_route=\/wp\/v2\/types\/page"}],"author":[{"embeddable":true,"href":"https:\/\/amfolkfest.cz\/index.php?rest_route=\/wp\/v2\/users\/1"}],"replies":[{"embeddable":true,"href":"https:\/\/amfolkfest.cz\/index.php?rest_route=%2Fwp%2Fv2%2Fcomments&post=3420"}],"version-history":[{"count":3,"href":"https:\/\/amfolkfest.cz\/index.php?rest_route=\/wp\/v2\/pages\/3420\/revisions"}],"predecessor-version":[{"id":3423,"href":"https:\/\/amfolkfest.cz\/index.php?rest_route=\/wp\/v2\/pages\/3420\/revisions\/3423"}],"wp:attachment":[{"href":"https:\/\/amfolkfest.cz\/index.php?rest_route=%2Fwp%2Fv2%2Fmedia&parent=3420"}],"curies":[{"name":"wp","href":"https:\/\/api.w.org\/{rel}","templated":true}]}}