{"id":3428,"date":"2025-07-26T18:47:16","date_gmt":"2025-07-26T18:47:16","guid":{"rendered":"https:\/\/amfolkfest.cz\/?page_id=3428"},"modified":"2026-01-21T09:00:04","modified_gmt":"2026-01-21T09:00:04","slug":"uvod-2025","status":"publish","type":"page","link":"https:\/\/amfolkfest.cz\/","title":{"rendered":""},"content":{"rendered":"<h3 style=\"text-align: center;\">P\u0159\u00e1tel\u00e9, kamar\u00e1di i jen prost\u00ed n\u00e1v\u0161t\u011bvn\u00edci&#8230;dnes v noci ode\u0161el na sv\u016fj nekone\u010dn\u00fd kytarov\u00fd session za duhu \u010dlov\u011bk,bez kter\u00e9ho u\u017e nikdy Amfolkfest nebude jako d\u0159\u00edv, Pul\u010d\u00edn p\u0159i\u0161el o svou osobnost&#8230;Sbohem Drobku<br \/>\n<a href=\"https:\/\/amfolkfest.cz\/wp-content\/uploads\/2025\/11\/drobek.jpeg\"><img loading=\"lazy\" decoding=\"async\" class=\"aligncenter size-large wp-image-3446\" src=\"\/\/amfolkfest.cz\/wp-content\/uploads\/2025\/11\/drobek-943x1024.jpeg\" alt=\"\" width=\"620\" height=\"673\" srcset=\"https:\/\/amfolkfest.cz\/wp-content\/uploads\/2025\/11\/drobek-943x1024.jpeg 943w, https:\/\/amfolkfest.cz\/wp-content\/uploads\/2025\/11\/drobek-276x300.jpeg 276w, https:\/\/amfolkfest.cz\/wp-content\/uploads\/2025\/11\/drobek-768x834.jpeg 768w, https:\/\/amfolkfest.cz\/wp-content\/uploads\/2025\/11\/drobek-660x717.jpeg 660w, https:\/\/amfolkfest.cz\/wp-content\/uploads\/2025\/11\/drobek-240x261.jpeg 240w, https:\/\/amfolkfest.cz\/wp-content\/uploads\/2025\/11\/drobek.jpeg 1148w\" sizes=\"auto, (max-width: 620px) 100vw, 620px\" \/><\/a><\/h3>\n<h2>&nbsp;<\/h2>\n<h2>&nbsp;<\/h2>\n<h2 style=\"text-align: center;\"><span style=\"color: #000099;\">Velk\u00e9 pod\u011bkov\u00e1n\u00ed v\u0161em muzikant\u016fm,<br \/>\npo\u0159adatel\u016fm, n\u00e1v\u0161t\u011bvn\u00edk\u016fm,<br \/>\n<\/span><span style=\"color: #000099;\">sponzor\u016fm a d\u00e1rc\u016fm&#8230;<br \/>\nprost\u011b v\u0161em&#8230;<br \/>\nD\u00cdKY.<\/span><\/h2>\n<h2 style=\"text-align: center;\"><span style=\"color: #ff0000;\">31. ro\u010dn\u00edk festivalu se uskute\u010dn\u00ed<\/span><br \/>\n<span style=\"color: #ff0000;\"><strong>25. \u010dervence 2026.<\/strong><\/span><\/h2>\n<p>&nbsp;<\/p>\n<p>&nbsp;<\/p>\n<p>&nbsp;<\/p>\n<h3 style=\"text-align: center;\"><strong style=\"font-size: 16px; text-align: center; color: #4b4b4b;\">R\u00e1di bychom touto cestou pod\u011bkovali i p. Petrovi H\u00e1jkovi s rodinou.<\/strong><\/h3>\n<div>\n<div class=\"stjgntxs ni8dbmo4 l82x9zwi uo3d90p7 h905i5nu monazrh9\" data-visualcompletion=\"ignore-dynamic\">\n<div class=\"l9j0dhe7\">\n<div class=\"bp9cbjyn m9osqain j83agx80 jq4qci2q bkfpd7mw a3bd9o3v kvgmc6g5 wkznzc2l oygrvhab dhix69tm jktsbyx5 rz4wbd8a osnr6wyh a8nywdso s1tcr66n\">\n<div class=\"kb5gq1qc pfnyh3mw c0wkt4kp\" style=\"text-align: center;\"><strong>V\u0161em \u00fa\u017easn\u00fdm obyvatel\u016fm kr\u00e1sn\u00e9 obce Pul\u010d\u00edn za trp\u011blivost a <\/strong><\/div>\n<div class=\"kb5gq1qc pfnyh3mw c0wkt4kp\" style=\"text-align: center;\"><strong>shov\u00edvavost k n\u00e1v\u0161t\u011bvn\u00edk\u016fm a k parkov\u00e1n\u00ed \u00fa\u010dinkuj\u00edc\u00edch a po\u0159adatel\u016f.<\/strong><\/div>\n<\/div>\n<\/div>\n<\/div>\n<\/div>\n<h1 style=\"text-align: center;\"><span style=\"color: #214d88;\"><strong>Partne\u0159i a d\u00e1rci<br \/>\n<\/strong><\/span>\u200b<div class=\"wptb-container-legacy\" data-table-id=\"3497\">\n    <table class=\"wptb-preview-table wptb-element-main-table_setting-3497\" style=\"border-spacing: 3px 3px; border-collapse: collapse !important; min-width: 100%; border: 0px solid rgb(0, 0, 0); \" data-border-spacing-columns=\"3\" data-border-spacing-rows=\"3\" data-reconstraction=\"1\" data-wptb-table-directives=\"eyJpbm5lckJvcmRlcnMiOnsiYWN0aXZlIjoiYWxsIiwiYm9yZGVyV2lkdGgiOjAsImJvcmRlclJhZGl1c2VzIjp7ImFsbCI6MCwicm93IjowLCJjb2x1bW4iOjB9fX0=\" data-wptb-responsive-directives=\"eyJyZXNwb25zaXZlRW5hYmxlZCI6dHJ1ZSwicmVzcG9uc2l2ZU1vZGUiOiJhdXRvIiwicmVsYXRpdmVXaWR0aCI6IndpbmRvdyIsInByZXNlcnZlUm93Q29sb3IiOmZhbHNlLCJoZWFkZXJGdWxseU1lcmdlZCI6ZmFsc2UsImJyZWFrcG9pbnRzIjp7ImRlc2t0b3AiOnsibmFtZSI6ImRlc2t0b3AiLCJ3aWR0aCI6MTAyNH0sInRhYmxldCI6eyJuYW1lIjoidGFibGV0Iiwid2lkdGgiOjcwMH0sIm1vYmlsZSI6eyJuYW1lIjoibW9iaWxlIiwid2lkdGgiOjM3NX19LCJtb2RlT3B0aW9ucyI6eyJhdXRvIjp7ImRpc2FibGVkIjp7ImRlc2t0b3AiOmZhbHNlLCJ0YWJsZXQiOmZhbHNlLCJtb2JpbGUiOmZhbHNlfSwidG9wUm93QXNIZWFkZXIiOnsiZGVza3RvcCI6ZmFsc2UsInRhYmxldCI6dHJ1ZSwibW9iaWxlIjp0cnVlfSwicmVwZWF0TWVyZ2VkSGVhZGVyIjp7ImRlc2t0b3AiOnRydWUsInRhYmxldCI6dHJ1ZSwibW9iaWxlIjp0cnVlfSwic3RhdGljVG9wUm93Ijp7ImRlc2t0b3AiOmZhbHNlLCJ0YWJsZXQiOmZhbHNlLCJtb2JpbGUiOmZhbHNlfSwiY2VsbFN0YWNrRGlyZWN0aW9uIjp7ImRlc2t0b3AiOiJyb3ciLCJ0YWJsZXQiOiJyb3ciLCJtb2JpbGUiOiJyb3cifSwiY2VsbHNQZXJSb3ciOnsiZGVza3RvcCI6MSwidGFibGV0IjoyLCJtb2JpbGUiOjF9fX19\" data-wptb-cells-width-auto-count=\"3\" data-wptb-extra-styles=\"\" data-wptb-pro-pagination-top-row-header=\"false\" data-wptb-rows-per-page=\"10\" data-wptb-pro-search-top-row-header=\"false\" data-wptb-searchbar-position=\"left\" role=\"table\" data-table-columns=\"3\" data-wptb-table-alignment=\"center\" data-wptb-td-width-auto=\"120\" data-wptb-table-tds-sum-max-width=\"588\" data-wptb-header-background-color=\"#f7f7f7\" data-wptb-even-row-background-color=\"#f7f7f7\" data-wptb-odd-row-background-color=\"#f7f7f7\" ><tbody data-global-font-size=\"15\" ><tr  class=\"wptb-row \" style=\"background-color: #f7f7f7; \"><td class=\"wptb-cell \" colspan=\"1\" rowspan=\"1\" style=\"padding: 38px; border-radius: 0px; \" data-y-index=\"0\" data-x-index=\"0\" data-wptb-css-td-auto-width=\"true\" data-wptb-css-td-auto-height=\"true\" data-wptb-cell-vertical-alignment=\"center\" ><div class=\"wptb-image-container wptb-ph-element wptb-element-image-1\" data-wptb-image-alignment=\"center\" data-wptb-image-size-relative=\"container\"  style=\"\">\n    <div class=\"wptb-image-wrapper\">\n        <a href=\"https:\/\/1vasto.cz\/\" target=\"_blank\" rel=\"\"  class=\"wptb-link-target\" style=\"float: none; width: 100%; \">\n            <img loading=\"lazy\" decoding=\"async\" class=\"wptb-image-element-target\" data-wptb-size=\"0px:0px\" height=\"0\" width=\"0\" src=\"https:\/\/amfolkfest.pavelkares.eu\/wp-content\/uploads\/2022\/07\/vasto_logo.png\"  style=\"width: 100%\" \/>\n        <\/a>\n    <\/div>\n<\/div><\/td><td class=\"wptb-cell \" colspan=\"1\" rowspan=\"1\" style=\"padding: 38px; border-radius: 0px; \" data-y-index=\"0\" data-x-index=\"1\" data-wptb-css-td-auto-width=\"true\" data-wptb-css-td-auto-height=\"true\" data-wptb-cell-vertical-alignment=\"center\" ><div class=\"wptb-image-container wptb-ph-element wptb-element-image-2\" data-wptb-image-alignment=\"center\" data-wptb-image-size-relative=\"container\"  style=\"\">\n    <div class=\"wptb-image-wrapper\">\n        <a href=\"https:\/\/zlinskykraj.cz\/\" target=\"_blank\" rel=\"\"  class=\"wptb-link-target\" style=\"float: none; width: 100%; \">\n            <img loading=\"lazy\" decoding=\"async\" class=\"wptb-image-element-target\" data-wptb-size=\"0px:0px\" height=\"0\" width=\"0\" src=\"https:\/\/amfolkfest.pavelkares.eu\/wp-content\/uploads\/2025\/06\/Logo-Zlinsky-kraj-JPG-bile.jpg\"  style=\"width: 100%\" \/>\n        <\/a>\n    <\/div>\n<\/div><\/td><td class=\"wptb-cell \" colspan=\"1\" rowspan=\"1\" style=\"padding: 38px; border-radius: 0px; \" data-y-index=\"0\" data-x-index=\"2\" data-wptb-css-td-auto-width=\"true\" data-wptb-css-td-auto-height=\"true\" data-wptb-cell-vertical-alignment=\"center\" ><div class=\"wptb-image-container wptb-ph-element wptb-element-image-3\" data-wptb-image-alignment=\"center\" data-wptb-image-size-relative=\"container\"  style=\"\">\n    <div class=\"wptb-image-wrapper\">\n        <a href=\"https:\/\/francovalhota.cz\/\" target=\"_blank\" rel=\"\"  class=\"wptb-link-target\" style=\"float: none; width: 100%; \">\n            <img loading=\"lazy\" decoding=\"async\" class=\"wptb-image-element-target\" data-wptb-size=\"0px:0px\" height=\"0\" width=\"0\" src=\"https:\/\/amfolkfest.pavelkares.eu\/wp-content\/uploads\/2012\/02\/f_lhota.jpg\"  style=\"width: 100%\" \/>\n        <\/a>\n    <\/div>\n<\/div><\/td><\/tr><tr  class=\"wptb-row \" style=\"background-color: #f7f7f7; \"><td class=\"wptb-cell \" colspan=\"1\" rowspan=\"1\" style=\"padding: 38px; border-radius: 0px; \" data-y-index=\"1\" data-x-index=\"0\" data-wptb-css-td-auto-width=\"true\" data-wptb-css-td-auto-height=\"true\" data-wptb-cell-vertical-alignment=\"center\" ><div class=\"wptb-image-container wptb-ph-element wptb-element-image-4\" data-wptb-image-alignment=\"center\" data-wptb-image-size-relative=\"container\"  style=\"\">\n    <div class=\"wptb-image-wrapper\">\n        <a href=\"https:\/\/austinpowder.com\/austindetonator\/home\/\" target=\"_blank\" rel=\"\"  class=\"wptb-link-target\" style=\"float: none; width: 100%; \">\n            <img loading=\"lazy\" decoding=\"async\" class=\"wptb-image-element-target\" data-wptb-size=\"2953px:1636px\" height=\"0\" width=\"0\" src=\"https:\/\/amfolkfest.pavelkares.eu\/wp-content\/uploads\/2021\/06\/logo_vertical.png\"  style=\"width: 100%\" \/>\n        <\/a>\n    <\/div>\n<\/div><\/td><td class=\"wptb-cell \" colspan=\"1\" rowspan=\"1\" style=\"padding: 38px; border-radius: 0px; \" data-y-index=\"1\" data-x-index=\"1\" data-wptb-css-td-auto-width=\"true\" data-wptb-css-td-auto-height=\"true\" data-wptb-cell-vertical-alignment=\"center\" ><div class=\"wptb-image-container wptb-ph-element wptb-element-image-5\" data-wptb-image-alignment=\"center\" data-wptb-image-size-relative=\"container\"  style=\"\">\n    <div class=\"wptb-image-wrapper\">\n        <a href=\"http:\/\/www.design88.eu\/\" target=\"_blank\" rel=\"\"  class=\"wptb-link-target\" style=\"float: none; width: 100%; \">\n            <img loading=\"lazy\" decoding=\"async\" class=\"wptb-image-element-target\" data-wptb-size=\"150px:80px\" height=\"0\" width=\"0\" src=\"https:\/\/amfolkfest.pavelkares.eu\/wp-content\/uploads\/2016\/06\/8812-150x80.jpg\"  style=\"width: 100%\" \/>\n        <\/a>\n    <\/div>\n<\/div><\/td><td class=\"wptb-cell \" colspan=\"1\" rowspan=\"1\" style=\"padding: 38px; border-radius: 0px; \" data-y-index=\"1\" data-x-index=\"2\" data-wptb-css-td-auto-width=\"true\" data-wptb-css-td-auto-height=\"true\" data-wptb-cell-vertical-alignment=\"center\" ><div class=\"wptb-image-container wptb-ph-element wptb-element-image-6\" data-wptb-image-alignment=\"center\" data-wptb-image-size-relative=\"container\"  style=\"\">\n    <div class=\"wptb-image-wrapper\">\n        <a href=\"https:\/\/www.3csystems.cz\/\" target=\"_blank\" rel=\"\"  class=\"wptb-link-target\" style=\"float: none; width: 100%; \">\n            <img loading=\"lazy\" decoding=\"async\" class=\"wptb-image-element-target\" data-wptb-size=\"465px:108px\" height=\"0\" width=\"0\" src=\"https:\/\/amfolkfest.pavelkares.eu\/wp-content\/uploads\/2025\/06\/images.png\"  style=\"width: 100%\" \/>\n        <\/a>\n    <\/div>\n<\/div><\/td><\/tr><tr  class=\"wptb-row \" style=\"background-color: #f7f7f7; \"><td class=\"wptb-cell \" colspan=\"1\" rowspan=\"1\" style=\"padding: 38px; border-radius: 0px; \" data-y-index=\"2\" data-x-index=\"0\" data-wptb-css-td-auto-width=\"true\" data-wptb-css-td-auto-height=\"true\" data-wptb-cell-vertical-alignment=\"center\" ><div class=\"wptb-image-container wptb-ph-element wptb-element-image-7\" data-wptb-image-alignment=\"center\" data-wptb-image-size-relative=\"container\"  style=\"\">\n    <div class=\"wptb-image-wrapper\">\n        <a href=\"https:\/\/www.agrofyto.cz\/\" target=\"_blank\" rel=\"\"  class=\"wptb-link-target\" style=\"float: none; width: 100%; \">\n            <img loading=\"lazy\" decoding=\"async\" class=\"wptb-image-element-target\" data-wptb-size=\"0px:0px\" height=\"0\" width=\"0\" src=\"https:\/\/amfolkfest.pavelkares.eu\/wp-content\/uploads\/2012\/02\/agro.jpg\"  style=\"width: 100%\" \/>\n        <\/a>\n    <\/div>\n<\/div><\/td><td class=\"wptb-cell \" colspan=\"1\" rowspan=\"1\" style=\"padding: 38px; border-radius: 0px; \" data-y-index=\"2\" data-x-index=\"1\" data-wptb-css-td-auto-width=\"true\" data-wptb-css-td-auto-height=\"true\" data-wptb-cell-vertical-alignment=\"center\" ><div class=\"wptb-image-container wptb-ph-element wptb-element-image-8\" data-wptb-image-alignment=\"center\" data-wptb-image-size-relative=\"container\"  style=\"\">\n    <div class=\"wptb-image-wrapper\">\n        <a href=\"https:\/\/avisvs.cz\/\" target=\"_blank\" rel=\"\"  class=\"wptb-link-target\" style=\"float: none; width: 100%; \">\n            <img loading=\"lazy\" decoding=\"async\" class=\"wptb-image-element-target\" data-wptb-size=\"0px:0px\" height=\"0\" width=\"0\" src=\"https:\/\/amfolkfest.pavelkares.eu\/wp-content\/uploads\/2022\/07\/avis-logo-big-1.png\"  style=\"width: 100%\" \/>\n        <\/a>\n    <\/div>\n<\/div><\/td><td class=\"wptb-cell \" colspan=\"1\" rowspan=\"1\" style=\"padding: 38px; border-radius: 0px; \" data-y-index=\"2\" data-x-index=\"2\" data-wptb-css-td-auto-width=\"true\" data-wptb-css-td-auto-height=\"true\" data-wptb-cell-vertical-alignment=\"center\" ><div class=\"wptb-image-container wptb-ph-element wptb-element-image-9\" data-wptb-image-alignment=\"center\" data-wptb-image-size-relative=\"container\"  style=\"\">\n    <div class=\"wptb-image-wrapper\">\n        <a href=\"https:\/\/www.link24.cz\/\" target=\"_blank\" rel=\"\"  class=\"wptb-link-target\" style=\"float: none; width: 100%; \">\n            <img loading=\"lazy\" decoding=\"async\" class=\"wptb-image-element-target\" data-wptb-size=\"0px:0px\" height=\"0\" width=\"0\" src=\"https:\/\/amfolkfest.pavelkares.eu\/wp-content\/uploads\/2021\/06\/link_24_2021.jpg\"  style=\"width: 100%\" \/>\n        <\/a>\n    <\/div>\n<\/div><\/td><\/tr><tr  class=\"wptb-row \" style=\"background-color: #f7f7f7; \"><td class=\"wptb-cell \" colspan=\"1\" rowspan=\"1\" style=\"padding: 38px; border-radius: 0px; \" data-y-index=\"3\" data-x-index=\"0\" data-wptb-css-td-auto-width=\"true\" data-wptb-css-td-auto-height=\"true\" data-wptb-cell-vertical-alignment=\"center\" ><div class=\"wptb-image-container wptb-ph-element wptb-element-image-10\" data-wptb-image-alignment=\"center\" data-wptb-image-size-relative=\"container\"  style=\"\">\n    <div class=\"wptb-image-wrapper\">\n        <a href=\"https:\/\/www.nadace-zivot-umelce.cz\/\" target=\"_blank\" rel=\"\"  class=\"wptb-link-target\" style=\"float: none; width: 100%; \">\n            <img loading=\"lazy\" decoding=\"async\" class=\"wptb-image-element-target\" data-wptb-size=\"0px:0px\" height=\"0\" width=\"0\" src=\"https:\/\/amfolkfest.pavelkares.eu\/wp-content\/uploads\/2022\/07\/logo_30_vertical.png\"  style=\"width: 100%\" \/>\n        <\/a>\n    <\/div>\n<\/div><\/td><td class=\"wptb-cell \" colspan=\"1\" rowspan=\"1\" style=\"padding: 38px; border-radius: 0px; \" data-y-index=\"3\" data-x-index=\"1\" data-wptb-css-td-auto-width=\"true\" data-wptb-css-td-auto-height=\"true\" data-wptb-cell-vertical-alignment=\"center\" ><div class=\"wptb-image-container wptb-ph-element wptb-element-image-11\" data-wptb-image-alignment=\"center\" data-wptb-image-size-relative=\"container\"  style=\"\">\n    <div class=\"wptb-image-wrapper\">\n        <a href=\"https:\/\/www.slunicko-vsetin.cz\/\" target=\"_blank\" rel=\"\"  class=\"wptb-link-target\" style=\"float: none; width: 100%; \">\n            <img loading=\"lazy\" decoding=\"async\" class=\"wptb-image-element-target\" data-wptb-size=\"0px:0px\" height=\"0\" width=\"0\" src=\"https:\/\/amfolkfest.pavelkares.eu\/wp-content\/uploads\/2025\/06\/slunicko.png\"  style=\"width: 100%\" \/>\n        <\/a>\n    <\/div>\n<\/div><\/td><td class=\"wptb-cell \" colspan=\"1\" rowspan=\"1\" style=\"padding: 38px; border-radius: 0px; \" data-y-index=\"3\" data-x-index=\"2\" data-wptb-css-td-auto-width=\"true\" data-wptb-css-td-auto-height=\"true\" data-wptb-cell-vertical-alignment=\"center\" ><div class=\"wptb-image-container wptb-ph-element wptb-element-image-12\" data-wptb-image-alignment=\"center\" data-wptb-image-size-relative=\"container\"  style=\"\">\n    <div class=\"wptb-image-wrapper\">\n        <span  class=\"wptb-link-target\" style=\"float: none; width: 100%; \">\n            <img loading=\"lazy\" decoding=\"async\" class=\"wptb-image-element-target\" data-wptb-size=\"0px:0px\" height=\"0\" width=\"0\" src=\"https:\/\/amfolkfest.pavelkares.eu\/wp-content\/uploads\/2025\/06\/adamik-1.png\"  style=\"width: 100%\" \/>\n        <\/span>\n    <\/div>\n<\/div><\/td><\/tr><tr  class=\"wptb-row \" style=\"background-color: #f7f7f7; \"><td class=\"wptb-cell \" colspan=\"1\" rowspan=\"1\" style=\"padding: 38px; border-radius: 0px; \" data-y-index=\"4\" data-x-index=\"0\" data-wptb-css-td-auto-width=\"true\" data-wptb-css-td-auto-height=\"true\" data-wptb-cell-vertical-alignment=\"center\" ><div class=\"wptb-image-container wptb-ph-element wptb-element-image-13\" data-wptb-image-alignment=\"center\" data-wptb-image-size-relative=\"container\"  style=\"\">\n    <div class=\"wptb-image-wrapper\">\n        <a href=\"http:\/\/www.zd-francovalhota.cz\/\" target=\"_blank\" rel=\"\"  class=\"wptb-link-target\" style=\"float: none; width: 100%; \">\n            <img loading=\"lazy\" decoding=\"async\" class=\"wptb-image-element-target\" data-wptb-size=\"0px:0px\" height=\"0\" width=\"0\" src=\"https:\/\/amfolkfest.pavelkares.eu\/wp-content\/uploads\/2024\/07\/ZD_Francova_lhota1.png\"  style=\"width: 100%\" \/>\n        <\/a>\n    <\/div>\n<\/div><\/td><td class=\"wptb-cell \" colspan=\"1\" rowspan=\"1\" style=\"padding: 38px; border-radius: 0px; \" data-y-index=\"4\" data-x-index=\"1\" data-wptb-css-td-auto-width=\"true\" data-wptb-css-td-auto-height=\"true\" data-wptb-cell-vertical-alignment=\"center\" ><div class=\"wptb-image-container wptb-ph-element wptb-element-image-14\" data-wptb-image-alignment=\"center\" data-wptb-image-size-relative=\"container\"  style=\"\">\n    <div class=\"wptb-image-wrapper\">\n        <a href=\"https:\/\/www.lidecko.cz\/\" target=\"_blank\" rel=\"\"  class=\"wptb-link-target\" style=\"float: none; width: 100%; \">\n            <img loading=\"lazy\" decoding=\"async\" class=\"wptb-image-element-target\" data-wptb-size=\"0px:0px\" height=\"0\" width=\"0\" src=\"https:\/\/amfolkfest.pavelkares.eu\/wp-content\/uploads\/2022\/07\/logo-lidecko.png\"  style=\"width: 100%\" \/>\n        <\/a>\n    <\/div>\n<\/div><\/td><td class=\"wptb-cell \" colspan=\"1\" rowspan=\"1\" style=\"padding: 38px; border-radius: 0px; \" data-y-index=\"4\" data-x-index=\"2\" data-wptb-css-td-auto-width=\"true\" data-wptb-css-td-auto-height=\"true\" data-wptb-cell-vertical-alignment=\"center\" ><div class=\"wptb-image-container wptb-ph-element wptb-element-image-15\" data-wptb-image-alignment=\"center\" data-wptb-image-size-relative=\"container\"  style=\"\">\n    <div class=\"wptb-image-wrapper\">\n        <span  class=\"wptb-link-target\" style=\"float: none; width: 100%; \">\n            <img loading=\"lazy\" decoding=\"async\" class=\"wptb-image-element-target\" data-wptb-size=\"0px:0px\" height=\"0\" width=\"0\" src=\"https:\/\/amfolkfest.pavelkares.eu\/wp-content\/uploads\/2025\/06\/willy.png\"  style=\"width: 100%\" \/>\n        <\/span>\n    <\/div>\n<\/div><\/td><\/tr><tr  class=\"wptb-row \" style=\"background-color: #f7f7f7; \"><td class=\"wptb-cell \" colspan=\"1\" rowspan=\"1\" style=\"padding: 38px; border-radius: 0px; \" data-y-index=\"5\" data-x-index=\"0\" data-wptb-css-td-auto-width=\"true\" data-wptb-css-td-auto-height=\"true\" data-wptb-cell-vertical-alignment=\"center\" ><div class=\"wptb-image-container wptb-ph-element wptb-element-image-16\" data-wptb-image-alignment=\"center\" data-wptb-image-size-relative=\"container\"  style=\"\">\n    <div class=\"wptb-image-wrapper\">\n        <a href=\"https:\/\/pulcinskeskaly.cz\/restaurace-stodola\" target=\"_blank\" rel=\"\"  class=\"wptb-link-target\" style=\"float: none; width: 100%; \">\n            <img loading=\"lazy\" decoding=\"async\" class=\"wptb-image-element-target\" data-wptb-size=\"230px:100px\" height=\"0\" width=\"0\" src=\"https:\/\/amfolkfest.pavelkares.eu\/wp-content\/uploads\/2026\/01\/100dola2.jpg\"  style=\"width: 100%\" \/>\n        <\/a>\n    <\/div>\n<\/div><\/td><td class=\"wptb-cell \" colspan=\"1\" rowspan=\"1\" style=\"padding: 38px; border-radius: 0px; \" data-y-index=\"5\" data-x-index=\"1\" data-wptb-css-td-auto-width=\"true\" data-wptb-css-td-auto-height=\"true\" data-wptb-cell-vertical-alignment=\"center\" ><\/td><td class=\"wptb-cell \" colspan=\"1\" rowspan=\"1\" style=\"padding: 38px; border-radius: 0px; \" data-y-index=\"5\" data-x-index=\"2\" data-wptb-css-td-auto-width=\"true\" data-wptb-css-td-auto-height=\"true\" data-wptb-cell-vertical-alignment=\"center\" ><\/td><\/tr><\/tbody><\/table>\n<\/div>\n<\/h1>\n<p><iframe loading=\"lazy\" title=\"Amfolkfest \u010dasozb\u011br\" width=\"1440\" height=\"810\" src=\"https:\/\/www.youtube.com\/embed\/xDijMEXpnG0?feature=oembed\" frameborder=\"0\" allow=\"accelerometer; autoplay; clipboard-write; encrypted-media; gyroscope; picture-in-picture; web-share\" referrerpolicy=\"strict-origin-when-cross-origin\" allowfullscreen><\/iframe><\/p>\n<p>&nbsp;<\/p>\n<p style=\"text-align: center;\">Autor videa: Martin Pin\u010fa Melichar<br \/>\nAutor hudby: Bolek Vjaclovsk\u00fd<\/p>\n<p style=\"text-align: center;\">&nbsp;<\/p>\n","protected":false},"excerpt":{"rendered":"<p>P\u0159\u00e1tel\u00e9, kamar\u00e1di i jen prost\u00ed n\u00e1v\u0161t\u011bvn\u00edci&#8230;dnes v noci ode\u0161el na sv\u016fj nekone\u010dn\u00fd kytarov\u00fd session za duhu \u010dlov\u011bk,bez kter\u00e9ho u\u017e nikdy Amfolkfest nebude jako d\u0159\u00edv, Pul\u010d\u00edn p\u0159i\u0161el o svou osobnost&#8230;Sbohem Drobku &nbsp; &nbsp; Velk\u00e9 pod\u011bkov\u00e1n\u00ed v\u0161em muzikant\u016fm, po\u0159adatel\u016fm, n\u00e1v\u0161t\u011bvn\u00edk\u016fm, sponzor\u016fm a d\u00e1rc\u016fm&#8230; prost\u011b v\u0161em&#8230; D\u00cdKY. 31. ro\u010dn\u00edk festivalu se uskute\u010dn\u00ed 25.<span class=\"more-link theme-more-link\"><a href=\"https:\/\/amfolkfest.cz\/\">Continue Reading<\/a><\/span><\/p>\n","protected":false},"author":1,"featured_media":0,"parent":0,"menu_order":1,"comment_status":"closed","ping_status":"closed","template":"","meta":{"ngg_post_thumbnail":0,"footnotes":"","_links_to":"","_links_to_target":""},"class_list":["entry","author-pery","post-3428","page","type-page","status-publish"],"_links":{"self":[{"href":"https:\/\/amfolkfest.cz\/index.php?rest_route=\/wp\/v2\/pages\/3428","targetHints":{"allow":["GET"]}}],"collection":[{"href":"https:\/\/amfolkfest.cz\/index.php?rest_route=\/wp\/v2\/pages"}],"about":[{"href":"https:\/\/amfolkfest.cz\/index.php?rest_route=\/wp\/v2\/types\/page"}],"author":[{"embeddable":true,"href":"https:\/\/amfolkfest.cz\/index.php?rest_route=\/wp\/v2\/users\/1"}],"replies":[{"embeddable":true,"href":"https:\/\/amfolkfest.cz\/index.php?rest_route=%2Fwp%2Fv2%2Fcomments&post=3428"}],"version-history":[{"count":15,"href":"https:\/\/amfolkfest.cz\/index.php?rest_route=\/wp\/v2\/pages\/3428\/revisions"}],"predecessor-version":[{"id":3499,"href":"https:\/\/amfolkfest.cz\/index.php?rest_route=\/wp\/v2\/pages\/3428\/revisions\/3499"}],"wp:attachment":[{"href":"https:\/\/amfolkfest.cz\/index.php?rest_route=%2Fwp%2Fv2%2Fmedia&parent=3428"}],"curies":[{"name":"wp","href":"https:\/\/api.w.org\/{rel}","templated":true}]}}